{"id":12826,"date":"2019-08-05T11:46:41","date_gmt":"2019-08-05T11:46:41","guid":{"rendered":"http:\/\/data-technologies.com\/unterstutzung\/"},"modified":"2020-11-24T12:06:12","modified_gmt":"2020-11-24T12:06:12","slug":"unterstutzung","status":"publish","type":"page","link":"https:\/\/data-technologies.com\/de\/unterstutzung\/","title":{"rendered":"Support"},"content":{"rendered":"<p>Unabh\u00e4ngig von Ihrer Branche, kann DATA Technologies Ihnen die ideale L\u00f6sung und den Support bieten, den Sie ben\u00f6tigen, um genaue und schnelle L\u00f6sungen und Ergebnisse zu liefern, die Sie in die bestehenden Z\u00e4hlungs- und Verpackungverfahren Ihres Unternehmens zu integrieren k\u00f6nnen.<\/p>\n<p>Neben Standardgarantien f\u00fcr unsere Ger\u00e4te bieten wir auch erweiterte Garantien und vorbeugende Wartungsprogramme an.<\/p>\n<p>Unsere Lagerabteilung ist bestrebt, alle Teileauftr\u00e4ge schnell und effizient zu bearbeiten, um Ausfallzeiten und Produktivit\u00e4tsverluste zu minimieren.<\/p>\n<p><strong>Hier erhalten Sie Unterst\u00fctzung: <\/strong><a href=\"mailto:support@data-technologies.com\">support@data-technologies.com<\/a><\/p>\n","protected":false},"excerpt":{"rendered":"<p>Unabh\u00e4ngig von Ihrer Branche, kann DATA Technologies Ihnen die ideale L\u00f6sung und den Support bieten, den Sie ben\u00f6tigen, um genaue und schnelle L\u00f6sungen und Ergebnisse zu liefern, die Sie in die bestehenden Z\u00e4hlungs- und Verpackungverfahren Ihres Unternehmens zu integrieren k\u00f6nnen. Neben Standardgarantien f\u00fcr unsere Ger\u00e4te bieten wir auch erweiterte Garantien und vorbeugende Wartungsprogramme an. Unsere<\/p>\n","protected":false},"author":7,"featured_media":0,"parent":0,"menu_order":13,"comment_status":"closed","ping_status":"closed","template":"page-templates\/template-support.php","meta":{"_acf_changed":false,"inline_featured_image":false,"footnotes":""},"class_list":["post-12826","page","type-page","status-publish","hentry"],"acf":[],"yoast_head":"<!-- This site is optimized with the Yoast SEO Premium plugin v27.3 (Yoast SEO v27.4) - https:\/\/yoast.com\/product\/yoast-seo-premium-wordpress\/ -->\n<title>DATA Kundensupport | DATA Detection Technologies Ltd.<\/title>\n<meta name=\"description\" content=\"DATA Detection Technologies bietet Ihnen die ideale L\u00f6sung und Unterst\u00fctzung, die Sie ben\u00f6tigen, um sie in die vorhandenen Z\u00e4hl- und Verpackungsl\u00f6sungen Ihres Unternehmens zu integrieren.\" \/>\n<meta name=\"robots\" content=\"index, follow, max-snippet:-1, max-image-preview:large, max-video-preview:-1\" \/>\n<link rel=\"canonical\" href=\"https:\/\/data-technologies.com\/de\/unterstutzung\/\" \/>\n<meta property=\"og:locale\" content=\"de_DE\" \/>\n<meta property=\"og:type\" content=\"article\" \/>\n<meta property=\"og:title\" content=\"Support\" \/>\n<meta property=\"og:description\" content=\"DATA Detection Technologies bietet Ihnen die ideale L\u00f6sung und Unterst\u00fctzung, die Sie ben\u00f6tigen, um sie in die vorhandenen Z\u00e4hl- und Verpackungsl\u00f6sungen Ihres Unternehmens zu integrieren.\" \/>\n<meta property=\"og:url\" content=\"https:\/\/data-technologies.com\/de\/unterstutzung\/\" \/>\n<meta property=\"og:site_name\" content=\"Data Technologies\" \/>\n<meta property=\"article:publisher\" content=\"https:\/\/www.facebook.com\/Datatechnologies100\" \/>\n<meta property=\"article:modified_time\" content=\"2020-11-24T12:06:12+00:00\" \/>\n<meta name=\"twitter:card\" content=\"summary_large_image\" \/>\n<meta name=\"twitter:site\" content=\"@DATALtd\" \/>\n<script type=\"application\/ld+json\" class=\"yoast-schema-graph\">{\"@context\":\"https:\\\/\\\/schema.org\",\"@graph\":[{\"@type\":\"WebPage\",\"@id\":\"https:\\\/\\\/data-technologies.com\\\/de\\\/unterstutzung\\\/\",\"url\":\"https:\\\/\\\/data-technologies.com\\\/de\\\/unterstutzung\\\/\",\"name\":\"DATA Kundensupport | DATA Detection Technologies Ltd.\",\"isPartOf\":{\"@id\":\"https:\\\/\\\/data-technologies.com\\\/#website\"},\"datePublished\":\"2019-08-05T11:46:41+00:00\",\"dateModified\":\"2020-11-24T12:06:12+00:00\",\"description\":\"DATA Detection Technologies bietet Ihnen die ideale L\u00f6sung und Unterst\u00fctzung, die Sie ben\u00f6tigen, um sie in die vorhandenen Z\u00e4hl- und Verpackungsl\u00f6sungen Ihres Unternehmens zu integrieren.\",\"breadcrumb\":{\"@id\":\"https:\\\/\\\/data-technologies.com\\\/de\\\/unterstutzung\\\/#breadcrumb\"},\"inLanguage\":\"de\",\"potentialAction\":[{\"@type\":\"ReadAction\",\"target\":[\"https:\\\/\\\/data-technologies.com\\\/de\\\/unterstutzung\\\/\"]}]},{\"@type\":\"BreadcrumbList\",\"@id\":\"https:\\\/\\\/data-technologies.com\\\/de\\\/unterstutzung\\\/#breadcrumb\",\"itemListElement\":[{\"@type\":\"ListItem\",\"position\":1,\"name\":\"Home\",\"item\":\"https:\\\/\\\/data-technologies.com\\\/de\\\/\"},{\"@type\":\"ListItem\",\"position\":2,\"name\":\"Support\"}]},{\"@type\":\"WebSite\",\"@id\":\"https:\\\/\\\/data-technologies.com\\\/#website\",\"url\":\"https:\\\/\\\/data-technologies.com\\\/\",\"name\":\"Data Technologies\",\"description\":\"Every Part counts\",\"publisher\":{\"@id\":\"https:\\\/\\\/data-technologies.com\\\/#organization\"},\"potentialAction\":[{\"@type\":\"SearchAction\",\"target\":{\"@type\":\"EntryPoint\",\"urlTemplate\":\"https:\\\/\\\/data-technologies.com\\\/?s={search_term_string}\"},\"query-input\":{\"@type\":\"PropertyValueSpecification\",\"valueRequired\":true,\"valueName\":\"search_term_string\"}}],\"inLanguage\":\"de\"},{\"@type\":\"Organization\",\"@id\":\"https:\\\/\\\/data-technologies.com\\\/#organization\",\"name\":\"Data Technologies\",\"url\":\"https:\\\/\\\/data-technologies.com\\\/\",\"logo\":{\"@type\":\"ImageObject\",\"inLanguage\":\"de\",\"@id\":\"https:\\\/\\\/data-technologies.com\\\/#\\\/schema\\\/logo\\\/image\\\/\",\"url\":\"https:\\\/\\\/data-technologies.com\\\/wp-content\\\/uploads\\\/2017\\\/08\\\/cropped-DATALogo-1.png\",\"contentUrl\":\"https:\\\/\\\/data-technologies.com\\\/wp-content\\\/uploads\\\/2017\\\/08\\\/cropped-DATALogo-1.png\",\"width\":191,\"height\":91,\"caption\":\"Data Technologies\"},\"image\":{\"@id\":\"https:\\\/\\\/data-technologies.com\\\/#\\\/schema\\\/logo\\\/image\\\/\"},\"sameAs\":[\"https:\\\/\\\/www.facebook.com\\\/Datatechnologies100\",\"https:\\\/\\\/x.com\\\/DATALtd\",\"https:\\\/\\\/www.linkedin.com\\\/company\\\/data-detection-technologies-ltd\",\"https:\\\/\\\/www.youtube.com\\\/c\\\/Datatechnologies1\"]}]}<\/script>\n<!-- \/ Yoast SEO Premium plugin. -->","yoast_head_json":{"title":"DATA Kundensupport | DATA Detection Technologies Ltd.","description":"DATA Detection Technologies bietet Ihnen die ideale L\u00f6sung und Unterst\u00fctzung, die Sie ben\u00f6tigen, um sie in die vorhandenen Z\u00e4hl- und Verpackungsl\u00f6sungen Ihres Unternehmens zu integrieren.","robots":{"index":"index","follow":"follow","max-snippet":"max-snippet:-1","max-image-preview":"max-image-preview:large","max-video-preview":"max-video-preview:-1"},"canonical":"https:\/\/data-technologies.com\/de\/unterstutzung\/","og_locale":"de_DE","og_type":"article","og_title":"Support","og_description":"DATA Detection Technologies bietet Ihnen die ideale L\u00f6sung und Unterst\u00fctzung, die Sie ben\u00f6tigen, um sie in die vorhandenen Z\u00e4hl- und Verpackungsl\u00f6sungen Ihres Unternehmens zu integrieren.","og_url":"https:\/\/data-technologies.com\/de\/unterstutzung\/","og_site_name":"Data Technologies","article_publisher":"https:\/\/www.facebook.com\/Datatechnologies100","article_modified_time":"2020-11-24T12:06:12+00:00","twitter_card":"summary_large_image","twitter_site":"@DATALtd","schema":{"@context":"https:\/\/schema.org","@graph":[{"@type":"WebPage","@id":"https:\/\/data-technologies.com\/de\/unterstutzung\/","url":"https:\/\/data-technologies.com\/de\/unterstutzung\/","name":"DATA Kundensupport | DATA Detection Technologies Ltd.","isPartOf":{"@id":"https:\/\/data-technologies.com\/#website"},"datePublished":"2019-08-05T11:46:41+00:00","dateModified":"2020-11-24T12:06:12+00:00","description":"DATA Detection Technologies bietet Ihnen die ideale L\u00f6sung und Unterst\u00fctzung, die Sie ben\u00f6tigen, um sie in die vorhandenen Z\u00e4hl- und Verpackungsl\u00f6sungen Ihres Unternehmens zu integrieren.","breadcrumb":{"@id":"https:\/\/data-technologies.com\/de\/unterstutzung\/#breadcrumb"},"inLanguage":"de","potentialAction":[{"@type":"ReadAction","target":["https:\/\/data-technologies.com\/de\/unterstutzung\/"]}]},{"@type":"BreadcrumbList","@id":"https:\/\/data-technologies.com\/de\/unterstutzung\/#breadcrumb","itemListElement":[{"@type":"ListItem","position":1,"name":"Home","item":"https:\/\/data-technologies.com\/de\/"},{"@type":"ListItem","position":2,"name":"Support"}]},{"@type":"WebSite","@id":"https:\/\/data-technologies.com\/#website","url":"https:\/\/data-technologies.com\/","name":"Data Technologies","description":"Every Part counts","publisher":{"@id":"https:\/\/data-technologies.com\/#organization"},"potentialAction":[{"@type":"SearchAction","target":{"@type":"EntryPoint","urlTemplate":"https:\/\/data-technologies.com\/?s={search_term_string}"},"query-input":{"@type":"PropertyValueSpecification","valueRequired":true,"valueName":"search_term_string"}}],"inLanguage":"de"},{"@type":"Organization","@id":"https:\/\/data-technologies.com\/#organization","name":"Data Technologies","url":"https:\/\/data-technologies.com\/","logo":{"@type":"ImageObject","inLanguage":"de","@id":"https:\/\/data-technologies.com\/#\/schema\/logo\/image\/","url":"https:\/\/data-technologies.com\/wp-content\/uploads\/2017\/08\/cropped-DATALogo-1.png","contentUrl":"https:\/\/data-technologies.com\/wp-content\/uploads\/2017\/08\/cropped-DATALogo-1.png","width":191,"height":91,"caption":"Data Technologies"},"image":{"@id":"https:\/\/data-technologies.com\/#\/schema\/logo\/image\/"},"sameAs":["https:\/\/www.facebook.com\/Datatechnologies100","https:\/\/x.com\/DATALtd","https:\/\/www.linkedin.com\/company\/data-detection-technologies-ltd","https:\/\/www.youtube.com\/c\/Datatechnologies1"]}]}},"_links":{"self":[{"href":"https:\/\/data-technologies.com\/de\/wp-json\/wp\/v2\/pages\/12826","targetHints":{"allow":["GET"]}}],"collection":[{"href":"https:\/\/data-technologies.com\/de\/wp-json\/wp\/v2\/pages"}],"about":[{"href":"https:\/\/data-technologies.com\/de\/wp-json\/wp\/v2\/types\/page"}],"author":[{"embeddable":true,"href":"https:\/\/data-technologies.com\/de\/wp-json\/wp\/v2\/users\/7"}],"replies":[{"embeddable":true,"href":"https:\/\/data-technologies.com\/de\/wp-json\/wp\/v2\/comments?post=12826"}],"version-history":[{"count":0,"href":"https:\/\/data-technologies.com\/de\/wp-json\/wp\/v2\/pages\/12826\/revisions"}],"wp:attachment":[{"href":"https:\/\/data-technologies.com\/de\/wp-json\/wp\/v2\/media?parent=12826"}],"curies":[{"name":"wp","href":"https:\/\/api.w.org\/{rel}","templated":true}]}}