{"id":12821,"date":"2018-09-26T09:34:37","date_gmt":"2018-09-26T09:34:37","guid":{"rendered":"http:\/\/data-technologies.com\/uber-uns\/"},"modified":"2020-06-07T14:33:35","modified_gmt":"2020-06-07T14:33:35","slug":"about-us","status":"publish","type":"page","link":"https:\/\/data-technologies.com\/de\/about-us\/","title":{"rendered":"\u00dcber uns"},"content":{"rendered":"","protected":false},"excerpt":{"rendered":"","protected":false},"author":7,"featured_media":0,"parent":0,"menu_order":9,"comment_status":"closed","ping_status":"closed","template":"page-templates\/template-about.php","meta":{"_acf_changed":false,"inline_featured_image":false,"footnotes":""},"class_list":["post-12821","page","type-page","status-publish","hentry"],"acf":[],"yoast_head":"<!-- This site is optimized with the Yoast SEO Premium plugin v27.3 (Yoast SEO v27.4) - https:\/\/yoast.com\/product\/yoast-seo-premium-wordpress\/ -->\n<title>\u00dcber uns | DATA Detection Technologies Ltd.<\/title>\n<meta name=\"description\" content=\"Data Detection Technologies Ltd. wurde 2002 gegr\u00fcndet und entwickelt und ist auf den Vertrieb und Produktion fortschrittlicher Z\u00e4hl- und Verpackungsl\u00f6sungen spezialisiert.\" \/>\n<meta name=\"robots\" content=\"index, follow, max-snippet:-1, max-image-preview:large, max-video-preview:-1\" \/>\n<link rel=\"canonical\" href=\"https:\/\/data-technologies.com\/de\/about-us\/\" \/>\n<meta property=\"og:locale\" content=\"de_DE\" \/>\n<meta property=\"og:type\" content=\"article\" \/>\n<meta property=\"og:title\" content=\"\u00dcber uns\" \/>\n<meta property=\"og:description\" content=\"Data Detection Technologies Ltd. wurde 2002 gegr\u00fcndet und entwickelt und ist auf den Vertrieb und Produktion fortschrittlicher Z\u00e4hl- und Verpackungsl\u00f6sungen spezialisiert.\" \/>\n<meta property=\"og:url\" content=\"https:\/\/data-technologies.com\/de\/about-us\/\" \/>\n<meta property=\"og:site_name\" content=\"Data Technologies\" \/>\n<meta property=\"article:publisher\" content=\"https:\/\/www.facebook.com\/Datatechnologies100\" \/>\n<meta property=\"article:modified_time\" content=\"2020-06-07T14:33:35+00:00\" \/>\n<meta name=\"twitter:card\" content=\"summary_large_image\" \/>\n<meta name=\"twitter:site\" content=\"@DATALtd\" \/>\n<script type=\"application\/ld+json\" class=\"yoast-schema-graph\">{\"@context\":\"https:\\\/\\\/schema.org\",\"@graph\":[{\"@type\":\"WebPage\",\"@id\":\"https:\\\/\\\/data-technologies.com\\\/de\\\/about-us\\\/\",\"url\":\"https:\\\/\\\/data-technologies.com\\\/de\\\/about-us\\\/\",\"name\":\"\u00dcber uns | DATA Detection Technologies Ltd.\",\"isPartOf\":{\"@id\":\"https:\\\/\\\/data-technologies.com\\\/#website\"},\"datePublished\":\"2018-09-26T09:34:37+00:00\",\"dateModified\":\"2020-06-07T14:33:35+00:00\",\"description\":\"Data Detection Technologies Ltd. wurde 2002 gegr\u00fcndet und entwickelt und ist auf den Vertrieb und Produktion fortschrittlicher Z\u00e4hl- und Verpackungsl\u00f6sungen spezialisiert.\",\"breadcrumb\":{\"@id\":\"https:\\\/\\\/data-technologies.com\\\/de\\\/about-us\\\/#breadcrumb\"},\"inLanguage\":\"de\",\"potentialAction\":[{\"@type\":\"ReadAction\",\"target\":[\"https:\\\/\\\/data-technologies.com\\\/de\\\/about-us\\\/\"]}]},{\"@type\":\"BreadcrumbList\",\"@id\":\"https:\\\/\\\/data-technologies.com\\\/de\\\/about-us\\\/#breadcrumb\",\"itemListElement\":[{\"@type\":\"ListItem\",\"position\":1,\"name\":\"Home\",\"item\":\"https:\\\/\\\/data-technologies.com\\\/de\\\/\"},{\"@type\":\"ListItem\",\"position\":2,\"name\":\"\u00dcber uns\"}]},{\"@type\":\"WebSite\",\"@id\":\"https:\\\/\\\/data-technologies.com\\\/#website\",\"url\":\"https:\\\/\\\/data-technologies.com\\\/\",\"name\":\"Data Technologies\",\"description\":\"Every Part counts\",\"publisher\":{\"@id\":\"https:\\\/\\\/data-technologies.com\\\/#organization\"},\"potentialAction\":[{\"@type\":\"SearchAction\",\"target\":{\"@type\":\"EntryPoint\",\"urlTemplate\":\"https:\\\/\\\/data-technologies.com\\\/?s={search_term_string}\"},\"query-input\":{\"@type\":\"PropertyValueSpecification\",\"valueRequired\":true,\"valueName\":\"search_term_string\"}}],\"inLanguage\":\"de\"},{\"@type\":\"Organization\",\"@id\":\"https:\\\/\\\/data-technologies.com\\\/#organization\",\"name\":\"Data Technologies\",\"url\":\"https:\\\/\\\/data-technologies.com\\\/\",\"logo\":{\"@type\":\"ImageObject\",\"inLanguage\":\"de\",\"@id\":\"https:\\\/\\\/data-technologies.com\\\/#\\\/schema\\\/logo\\\/image\\\/\",\"url\":\"https:\\\/\\\/data-technologies.com\\\/wp-content\\\/uploads\\\/2017\\\/08\\\/cropped-DATALogo-1.png\",\"contentUrl\":\"https:\\\/\\\/data-technologies.com\\\/wp-content\\\/uploads\\\/2017\\\/08\\\/cropped-DATALogo-1.png\",\"width\":191,\"height\":91,\"caption\":\"Data Technologies\"},\"image\":{\"@id\":\"https:\\\/\\\/data-technologies.com\\\/#\\\/schema\\\/logo\\\/image\\\/\"},\"sameAs\":[\"https:\\\/\\\/www.facebook.com\\\/Datatechnologies100\",\"https:\\\/\\\/x.com\\\/DATALtd\",\"https:\\\/\\\/www.linkedin.com\\\/company\\\/data-detection-technologies-ltd\",\"https:\\\/\\\/www.youtube.com\\\/c\\\/Datatechnologies1\"]}]}<\/script>\n<!-- \/ Yoast SEO Premium plugin. -->","yoast_head_json":{"title":"\u00dcber uns | DATA Detection Technologies Ltd.","description":"Data Detection Technologies Ltd. wurde 2002 gegr\u00fcndet und entwickelt und ist auf den Vertrieb und Produktion fortschrittlicher Z\u00e4hl- und Verpackungsl\u00f6sungen spezialisiert.","robots":{"index":"index","follow":"follow","max-snippet":"max-snippet:-1","max-image-preview":"max-image-preview:large","max-video-preview":"max-video-preview:-1"},"canonical":"https:\/\/data-technologies.com\/de\/about-us\/","og_locale":"de_DE","og_type":"article","og_title":"\u00dcber uns","og_description":"Data Detection Technologies Ltd. wurde 2002 gegr\u00fcndet und entwickelt und ist auf den Vertrieb und Produktion fortschrittlicher Z\u00e4hl- und Verpackungsl\u00f6sungen spezialisiert.","og_url":"https:\/\/data-technologies.com\/de\/about-us\/","og_site_name":"Data Technologies","article_publisher":"https:\/\/www.facebook.com\/Datatechnologies100","article_modified_time":"2020-06-07T14:33:35+00:00","twitter_card":"summary_large_image","twitter_site":"@DATALtd","schema":{"@context":"https:\/\/schema.org","@graph":[{"@type":"WebPage","@id":"https:\/\/data-technologies.com\/de\/about-us\/","url":"https:\/\/data-technologies.com\/de\/about-us\/","name":"\u00dcber uns | DATA Detection Technologies Ltd.","isPartOf":{"@id":"https:\/\/data-technologies.com\/#website"},"datePublished":"2018-09-26T09:34:37+00:00","dateModified":"2020-06-07T14:33:35+00:00","description":"Data Detection Technologies Ltd. wurde 2002 gegr\u00fcndet und entwickelt und ist auf den Vertrieb und Produktion fortschrittlicher Z\u00e4hl- und Verpackungsl\u00f6sungen spezialisiert.","breadcrumb":{"@id":"https:\/\/data-technologies.com\/de\/about-us\/#breadcrumb"},"inLanguage":"de","potentialAction":[{"@type":"ReadAction","target":["https:\/\/data-technologies.com\/de\/about-us\/"]}]},{"@type":"BreadcrumbList","@id":"https:\/\/data-technologies.com\/de\/about-us\/#breadcrumb","itemListElement":[{"@type":"ListItem","position":1,"name":"Home","item":"https:\/\/data-technologies.com\/de\/"},{"@type":"ListItem","position":2,"name":"\u00dcber uns"}]},{"@type":"WebSite","@id":"https:\/\/data-technologies.com\/#website","url":"https:\/\/data-technologies.com\/","name":"Data Technologies","description":"Every Part counts","publisher":{"@id":"https:\/\/data-technologies.com\/#organization"},"potentialAction":[{"@type":"SearchAction","target":{"@type":"EntryPoint","urlTemplate":"https:\/\/data-technologies.com\/?s={search_term_string}"},"query-input":{"@type":"PropertyValueSpecification","valueRequired":true,"valueName":"search_term_string"}}],"inLanguage":"de"},{"@type":"Organization","@id":"https:\/\/data-technologies.com\/#organization","name":"Data Technologies","url":"https:\/\/data-technologies.com\/","logo":{"@type":"ImageObject","inLanguage":"de","@id":"https:\/\/data-technologies.com\/#\/schema\/logo\/image\/","url":"https:\/\/data-technologies.com\/wp-content\/uploads\/2017\/08\/cropped-DATALogo-1.png","contentUrl":"https:\/\/data-technologies.com\/wp-content\/uploads\/2017\/08\/cropped-DATALogo-1.png","width":191,"height":91,"caption":"Data Technologies"},"image":{"@id":"https:\/\/data-technologies.com\/#\/schema\/logo\/image\/"},"sameAs":["https:\/\/www.facebook.com\/Datatechnologies100","https:\/\/x.com\/DATALtd","https:\/\/www.linkedin.com\/company\/data-detection-technologies-ltd","https:\/\/www.youtube.com\/c\/Datatechnologies1"]}]}},"_links":{"self":[{"href":"https:\/\/data-technologies.com\/de\/wp-json\/wp\/v2\/pages\/12821","targetHints":{"allow":["GET"]}}],"collection":[{"href":"https:\/\/data-technologies.com\/de\/wp-json\/wp\/v2\/pages"}],"about":[{"href":"https:\/\/data-technologies.com\/de\/wp-json\/wp\/v2\/types\/page"}],"author":[{"embeddable":true,"href":"https:\/\/data-technologies.com\/de\/wp-json\/wp\/v2\/users\/7"}],"replies":[{"embeddable":true,"href":"https:\/\/data-technologies.com\/de\/wp-json\/wp\/v2\/comments?post=12821"}],"version-history":[{"count":0,"href":"https:\/\/data-technologies.com\/de\/wp-json\/wp\/v2\/pages\/12821\/revisions"}],"wp:attachment":[{"href":"https:\/\/data-technologies.com\/de\/wp-json\/wp\/v2\/media?parent=12821"}],"curies":[{"name":"wp","href":"https:\/\/api.w.org\/{rel}","templated":true}]}}